{"id":540,"date":"2018-11-27T09:16:54","date_gmt":"2018-11-27T09:16:54","guid":{"rendered":"https:\/\/wakaistudios.com\/home\/"},"modified":"2023-02-01T22:53:55","modified_gmt":"2023-02-01T22:53:55","slug":"home","status":"publish","type":"page","link":"https:\/\/wakaistudios.com\/pt\/","title":{"rendered":"Home"},"content":{"rendered":"<div data-elementor-type=\"wp-page\" data-elementor-id=\"540\" class=\"elementor elementor-540\">\n\t\t\t\t\t\t\t\t\t<header class=\"elementor-section elementor-top-section elementor-element elementor-element-c50838b elementor-section-height-full elementor-section-boxed elementor-section-height-default elementor-section-items-middle\" data-id=\"c50838b\" data-element_type=\"section\" data-settings=\"{&quot;background_background&quot;:&quot;classic&quot;}\">\n\t\t\t\t\t\t\t<div class=\"elementor-background-overlay\"><\/div>\n\t\t\t\t\t\t\t<div class=\"elementor-container elementor-column-gap-wider\">\n\t\t\t\t\t<div class=\"elementor-column elementor-col-100 elementor-top-column elementor-element elementor-element-0584532\" data-id=\"0584532\" data-element_type=\"column\">\n\t\t\t<div class=\"elementor-widget-wrap\">\n\t\t\t\t\t\t\t\t\t<\/div>\n\t\t<\/div>\n\t\t\t\t\t\t\t<\/div>\n\t\t<\/header>\n\t\t\t\t<section class=\"elementor-section elementor-top-section elementor-element elementor-element-sloi86a elementor-section-content-middle elementor-section-boxed elementor-section-height-default elementor-section-height-default\" data-id=\"sloi86a\" data-element_type=\"section\" data-settings=\"{&quot;background_background&quot;:&quot;classic&quot;}\">\n\t\t\t\t\t\t\t<div class=\"elementor-background-overlay\"><\/div>\n\t\t\t\t\t\t\t<div class=\"elementor-container elementor-column-gap-no\">\n\t\t\t\t\t<div class=\"elementor-column elementor-col-33 elementor-top-column elementor-element elementor-element-00fe61f\" data-id=\"00fe61f\" data-element_type=\"column\">\n\t\t\t<div class=\"elementor-widget-wrap elementor-element-populated\">\n\t\t\t\t\t\t\t\t<div class=\"elementor-element elementor-element-f0ae45e elementor-widget elementor-widget-image\" data-id=\"f0ae45e\" data-element_type=\"widget\" data-widget_type=\"image.default\">\n\t\t\t\t<div class=\"elementor-widget-container\">\n\t\t\t<style>\/*! elementor - v3.9.2 - 21-12-2022 *\/\n.elementor-widget-image{text-align:center}.elementor-widget-image a{display:inline-block}.elementor-widget-image a img[src$=\".svg\"]{width:48px}.elementor-widget-image img{vertical-align:middle;display:inline-block}<\/style>\t\t\t\t\t\t\t\t\t\t\t\t<img decoding=\"async\" width=\"1024\" height=\"1024\" src=\"https:\/\/wakaistudios.com\/wp-content\/uploads\/2023\/01\/DSC09199-HDR-1024x1024.jpg\" class=\"attachment-large size-large wp-image-943\" alt=\"\" loading=\"lazy\" srcset=\"https:\/\/wakaistudios.com\/wp-content\/uploads\/2023\/01\/DSC09199-HDR-1024x1024.jpg 1024w, https:\/\/wakaistudios.com\/wp-content\/uploads\/2023\/01\/DSC09199-HDR-300x300.jpg 300w, https:\/\/wakaistudios.com\/wp-content\/uploads\/2023\/01\/DSC09199-HDR-150x150.jpg 150w, https:\/\/wakaistudios.com\/wp-content\/uploads\/2023\/01\/DSC09199-HDR-768x768.jpg 768w, https:\/\/wakaistudios.com\/wp-content\/uploads\/2023\/01\/DSC09199-HDR-1536x1536.jpg 1536w, https:\/\/wakaistudios.com\/wp-content\/uploads\/2023\/01\/DSC09199-HDR-2048x2048.jpg 2048w\" sizes=\"(max-width: 1024px) 100vw, 1024px\" \/>\t\t\t\t\t\t\t\t\t\t\t\t\t\t\t<\/div>\n\t\t\t\t<\/div>\n\t\t\t\t<div class=\"elementor-element elementor-element-1460afc elementor-widget elementor-widget-heading\" data-id=\"1460afc\" data-element_type=\"widget\" data-widget_type=\"heading.default\">\n\t\t\t\t<div class=\"elementor-widget-container\">\n\t\t\t<style>\/*! elementor - v3.9.2 - 21-12-2022 *\/\n.elementor-heading-title{padding:0;margin:0;line-height:1}.elementor-widget-heading .elementor-heading-title[class*=elementor-size-]>a{color:inherit;font-size:inherit;line-height:inherit}.elementor-widget-heading .elementor-heading-title.elementor-size-small{font-size:15px}.elementor-widget-heading .elementor-heading-title.elementor-size-medium{font-size:19px}.elementor-widget-heading .elementor-heading-title.elementor-size-large{font-size:29px}.elementor-widget-heading .elementor-heading-title.elementor-size-xl{font-size:39px}.elementor-widget-heading .elementor-heading-title.elementor-size-xxl{font-size:59px}<\/style><h3 class=\"elementor-heading-title elementor-size-default\">Sala Grande<\/h3>\t\t<\/div>\n\t\t\t\t<\/div>\n\t\t\t\t<div class=\"elementor-element elementor-element-4fe0555 elementor-widget elementor-widget-text-editor\" data-id=\"4fe0555\" data-element_type=\"widget\" data-widget_type=\"text-editor.default\">\n\t\t\t\t<div class=\"elementor-widget-container\">\n\t\t\t<style>\/*! elementor - v3.9.2 - 21-12-2022 *\/\n.elementor-widget-text-editor.elementor-drop-cap-view-stacked .elementor-drop-cap{background-color:#818a91;color:#fff}.elementor-widget-text-editor.elementor-drop-cap-view-framed .elementor-drop-cap{color:#818a91;border:3px solid;background-color:transparent}.elementor-widget-text-editor:not(.elementor-drop-cap-view-default) .elementor-drop-cap{margin-top:8px}.elementor-widget-text-editor:not(.elementor-drop-cap-view-default) .elementor-drop-cap-letter{width:1em;height:1em}.elementor-widget-text-editor .elementor-drop-cap{float:left;text-align:center;line-height:1;font-size:50px}.elementor-widget-text-editor .elementor-drop-cap-letter{display:inline-block}<\/style>\t\t\t\t<p><span style=\"font-style: inherit; font-weight: inherit; color: var(--ast-global-color-3);\">A nossa Sala Grande, com 24m2, \u00e9 a nossa maior sala, perfeita para grava\u00e7\u00f5es de grupos maiores. Anda visitar-nos!<\/span><\/p>\t\t\t\t\t\t<\/div>\n\t\t\t\t<\/div>\n\t\t\t\t\t<\/div>\n\t\t<\/div>\n\t\t\t\t<div class=\"elementor-column elementor-col-33 elementor-top-column elementor-element elementor-element-77f9305\" data-id=\"77f9305\" data-element_type=\"column\">\n\t\t\t<div class=\"elementor-widget-wrap elementor-element-populated\">\n\t\t\t\t\t\t\t\t<div class=\"elementor-element elementor-element-4d5532e elementor-widget elementor-widget-image\" data-id=\"4d5532e\" data-element_type=\"widget\" data-widget_type=\"image.default\">\n\t\t\t\t<div class=\"elementor-widget-container\">\n\t\t\t\t\t\t\t\t\t\t\t\t\t\t\t<img decoding=\"async\" src=\"https:\/\/wakaistudios.com\/wp-content\/uploads\/2023\/01\/DSC09247-HDR--scaled.jpg\" title=\"DSC09247-HDR\" alt=\"DSC09247-HDR\" \/>\t\t\t\t\t\t\t\t\t\t\t\t\t\t\t<\/div>\n\t\t\t\t<\/div>\n\t\t\t\t<div class=\"elementor-element elementor-element-79b4a88 elementor-widget elementor-widget-heading\" data-id=\"79b4a88\" data-element_type=\"widget\" data-widget_type=\"heading.default\">\n\t\t\t\t<div class=\"elementor-widget-container\">\n\t\t\t<h3 class=\"elementor-heading-title elementor-size-default\">Reggie<\/h3>\t\t<\/div>\n\t\t\t\t<\/div>\n\t\t\t\t<div class=\"elementor-element elementor-element-bf20e91 elementor-widget elementor-widget-text-editor\" data-id=\"bf20e91\" data-element_type=\"widget\" data-widget_type=\"text-editor.default\">\n\t\t\t\t<div class=\"elementor-widget-container\">\n\t\t\t\t\t\t\t<p><span style=\"font-style: inherit; font-weight: inherit; color: var(--ast-global-color-3);\">A nossa Reggie, com 16m2 foi feita para te sentires em casa. Escolhe as luzes e relaxa no nosso sof\u00e1.<\/span><\/p>\t\t\t\t\t\t<\/div>\n\t\t\t\t<\/div>\n\t\t\t\t\t<\/div>\n\t\t<\/div>\n\t\t\t\t<div class=\"elementor-column elementor-col-33 elementor-top-column elementor-element elementor-element-92c59ca\" data-id=\"92c59ca\" data-element_type=\"column\">\n\t\t\t<div class=\"elementor-widget-wrap elementor-element-populated\">\n\t\t\t\t\t\t\t\t<div class=\"elementor-element elementor-element-d3779df elementor-widget elementor-widget-image\" data-id=\"d3779df\" data-element_type=\"widget\" data-widget_type=\"image.default\">\n\t\t\t\t<div class=\"elementor-widget-container\">\n\t\t\t\t\t\t\t\t\t\t\t\t\t\t\t<img decoding=\"async\" width=\"1024\" height=\"1024\" src=\"https:\/\/wakaistudios.com\/wp-content\/uploads\/2023\/01\/DSC09241-HDR-2-1024x1024.jpg\" class=\"attachment-large size-large wp-image-945\" alt=\"\" loading=\"lazy\" srcset=\"https:\/\/wakaistudios.com\/wp-content\/uploads\/2023\/01\/DSC09241-HDR-2-1024x1024.jpg 1024w, https:\/\/wakaistudios.com\/wp-content\/uploads\/2023\/01\/DSC09241-HDR-2-300x300.jpg 300w, https:\/\/wakaistudios.com\/wp-content\/uploads\/2023\/01\/DSC09241-HDR-2-150x150.jpg 150w, https:\/\/wakaistudios.com\/wp-content\/uploads\/2023\/01\/DSC09241-HDR-2-768x768.jpg 768w, https:\/\/wakaistudios.com\/wp-content\/uploads\/2023\/01\/DSC09241-HDR-2-1536x1536.jpg 1536w, https:\/\/wakaistudios.com\/wp-content\/uploads\/2023\/01\/DSC09241-HDR-2-2048x2048.jpg 2048w\" sizes=\"(max-width: 1024px) 100vw, 1024px\" \/>\t\t\t\t\t\t\t\t\t\t\t\t\t\t\t<\/div>\n\t\t\t\t<\/div>\n\t\t\t\t<div class=\"elementor-element elementor-element-2f547cd elementor-widget elementor-widget-heading\" data-id=\"2f547cd\" data-element_type=\"widget\" data-widget_type=\"heading.default\">\n\t\t\t\t<div class=\"elementor-widget-container\">\n\t\t\t<h3 class=\"elementor-heading-title elementor-size-default\">Cabine de Voz<\/h3>\t\t<\/div>\n\t\t\t\t<\/div>\n\t\t\t\t<div class=\"elementor-element elementor-element-0a3ffde elementor-widget elementor-widget-text-editor\" data-id=\"0a3ffde\" data-element_type=\"widget\" data-widget_type=\"text-editor.default\">\n\t\t\t\t<div class=\"elementor-widget-container\">\n\t\t\t\t\t\t\t<p>Para qualquer trabalho relacionado com a voz, a nossa cabine de voz com 2,5m2 tem o tratamento ac\u00fastico perfeito.&nbsp;<\/p>\t\t\t\t\t\t<\/div>\n\t\t\t\t<\/div>\n\t\t\t\t\t<\/div>\n\t\t<\/div>\n\t\t\t\t\t\t\t<\/div>\n\t\t<\/section>\n\t\t\t\t\t\t\t<\/div>","protected":false},"excerpt":{"rendered":"<p>Live Room Our Live Room, with 24m2, is our biggest one, perfect for recording bigger settings. Pick up your gear and come visit us! Control Room Our Control Room, with 16m2 was built to make you feel at home. Chose the lighting and relax in our comfy couch. Iso Booth For anything related to vocal &hellip;<\/p>\n<p class=\"read-more\"> <a class=\"\" href=\"https:\/\/wakaistudios.com\/pt\/\"> <span class=\"screen-reader-text\">Home<\/span> Read More &raquo;<\/a><\/p>","protected":false},"author":1,"featured_media":0,"parent":0,"menu_order":0,"comment_status":"closed","ping_status":"closed","template":"","meta":{"site-sidebar-layout":"no-sidebar","site-content-layout":"page-builder","ast-global-header-display":"","ast-main-header-display":"","ast-hfb-above-header-display":"","ast-hfb-below-header-display":"","ast-hfb-mobile-header-display":"","site-post-title":"disabled","ast-breadcrumbs-content":"","ast-featured-img":"disabled","footer-sml-layout":"","theme-transparent-header-meta":"enabled","adv-header-id-meta":"","stick-header-meta":"","header-above-stick-meta":"","header-main-stick-meta":"","header-below-stick-meta":""},"yoast_head":"<!-- This site is optimized with the Yoast SEO plugin v20.0 - https:\/\/yoast.com\/wordpress\/plugins\/seo\/ -->\n<title>Home - Wakai Studios<\/title>\n<meta name=\"robots\" content=\"index, follow, max-snippet:-1, max-image-preview:large, max-video-preview:-1\" \/>\n<link rel=\"canonical\" href=\"https:\/\/wakaistudios.com\/pt\/\" \/>\n<meta property=\"og:locale\" content=\"pt_PT\" \/>\n<meta property=\"og:type\" content=\"article\" \/>\n<meta property=\"og:title\" content=\"Home - Wakai Studios\" \/>\n<meta property=\"og:description\" content=\"Live Room Our Live Room, with 24m2, is our biggest one, perfect for recording bigger settings. Pick up your gear and come visit us! Control Room Our Control Room, with 16m2 was built to make you feel at home. Chose the lighting and relax in our comfy couch. Iso Booth For anything related to vocal &hellip; Home Read More &raquo;\" \/>\n<meta property=\"og:url\" content=\"https:\/\/wakaistudios.com\/pt\/\" \/>\n<meta property=\"og:site_name\" content=\"Wakai Studios\" \/>\n<meta property=\"article:publisher\" content=\"https:\/\/www.facebook.com\/WakaiStudios\" \/>\n<meta property=\"article:modified_time\" content=\"2023-02-01T22:53:55+00:00\" \/>\n<meta property=\"og:image\" content=\"http:\/\/wakaistudios.com\/wp-content\/uploads\/2023\/01\/DSC09199-HDR-1024x1024.jpg\" \/>\n<meta name=\"twitter:card\" content=\"summary_large_image\" \/>\n<meta name=\"twitter:label1\" content=\"Tempo estimado de leitura\" \/>\n\t<meta name=\"twitter:data1\" content=\"2 minutos\" \/>\n<script type=\"application\/ld+json\" class=\"yoast-schema-graph\">{\"@context\":\"https:\/\/schema.org\",\"@graph\":[{\"@type\":\"WebPage\",\"@id\":\"https:\/\/wakaistudios.com\/\",\"url\":\"https:\/\/wakaistudios.com\/\",\"name\":\"Home - Wakai Studios\",\"isPartOf\":{\"@id\":\"https:\/\/wakaistudios.com\/#website\"},\"datePublished\":\"2018-11-27T09:16:54+00:00\",\"dateModified\":\"2023-02-01T22:53:55+00:00\",\"breadcrumb\":{\"@id\":\"https:\/\/wakaistudios.com\/#breadcrumb\"},\"inLanguage\":\"pt-PT\",\"potentialAction\":[{\"@type\":\"ReadAction\",\"target\":[\"https:\/\/wakaistudios.com\/\"]}]},{\"@type\":\"BreadcrumbList\",\"@id\":\"https:\/\/wakaistudios.com\/#breadcrumb\",\"itemListElement\":[{\"@type\":\"ListItem\",\"position\":1,\"name\":\"Home\",\"item\":\"https:\/\/wakaistudios.com\/\"},{\"@type\":\"ListItem\",\"position\":2,\"name\":\"Home\"}]},{\"@type\":\"WebSite\",\"@id\":\"https:\/\/wakaistudios.com\/#website\",\"url\":\"https:\/\/wakaistudios.com\/\",\"name\":\"Wakai Studios\",\"description\":\"Wakai Studios website\",\"publisher\":{\"@id\":\"https:\/\/wakaistudios.com\/#organization\"},\"potentialAction\":[{\"@type\":\"SearchAction\",\"target\":{\"@type\":\"EntryPoint\",\"urlTemplate\":\"https:\/\/wakaistudios.com\/?s={search_term_string}\"},\"query-input\":\"required name=search_term_string\"}],\"inLanguage\":\"pt-PT\"},{\"@type\":\"Organization\",\"@id\":\"https:\/\/wakaistudios.com\/#organization\",\"name\":\"Wakai Studios\",\"url\":\"https:\/\/wakaistudios.com\/\",\"logo\":{\"@type\":\"ImageObject\",\"inLanguage\":\"pt-PT\",\"@id\":\"https:\/\/wakaistudios.com\/#\/schema\/logo\/image\/\",\"url\":\"https:\/\/wakaistudios.com\/wp-content\/uploads\/2023\/01\/cropped-cropped-cropped-cropped-circulo-como-Objeto-Inteligente-1-e1673352162704.png\",\"contentUrl\":\"https:\/\/wakaistudios.com\/wp-content\/uploads\/2023\/01\/cropped-cropped-cropped-cropped-circulo-como-Objeto-Inteligente-1-e1673352162704.png\",\"width\":1139,\"height\":1118,\"caption\":\"Wakai Studios\"},\"image\":{\"@id\":\"https:\/\/wakaistudios.com\/#\/schema\/logo\/image\/\"},\"sameAs\":[\"https:\/\/www.facebook.com\/WakaiStudios\"]}]}<\/script>\n<!-- \/ Yoast SEO plugin. -->","yoast_head_json":{"title":"Home - Wakai Studios","robots":{"index":"index","follow":"follow","max-snippet":"max-snippet:-1","max-image-preview":"max-image-preview:large","max-video-preview":"max-video-preview:-1"},"canonical":"https:\/\/wakaistudios.com\/pt\/","og_locale":"pt_PT","og_type":"article","og_title":"Home - Wakai Studios","og_description":"Live Room Our Live Room, with 24m2, is our biggest one, perfect for recording bigger settings. Pick up your gear and come visit us! Control Room Our Control Room, with 16m2 was built to make you feel at home. Chose the lighting and relax in our comfy couch. Iso Booth For anything related to vocal &hellip; Home Read More &raquo;","og_url":"https:\/\/wakaistudios.com\/pt\/","og_site_name":"Wakai Studios","article_publisher":"https:\/\/www.facebook.com\/WakaiStudios","article_modified_time":"2023-02-01T22:53:55+00:00","og_image":[{"url":"http:\/\/wakaistudios.com\/wp-content\/uploads\/2023\/01\/DSC09199-HDR-1024x1024.jpg"}],"twitter_card":"summary_large_image","twitter_misc":{"Tempo estimado de leitura":"2 minutos"},"schema":{"@context":"https:\/\/schema.org","@graph":[{"@type":"WebPage","@id":"https:\/\/wakaistudios.com\/","url":"https:\/\/wakaistudios.com\/","name":"Home - Wakai Studios","isPartOf":{"@id":"https:\/\/wakaistudios.com\/#website"},"datePublished":"2018-11-27T09:16:54+00:00","dateModified":"2023-02-01T22:53:55+00:00","breadcrumb":{"@id":"https:\/\/wakaistudios.com\/#breadcrumb"},"inLanguage":"pt-PT","potentialAction":[{"@type":"ReadAction","target":["https:\/\/wakaistudios.com\/"]}]},{"@type":"BreadcrumbList","@id":"https:\/\/wakaistudios.com\/#breadcrumb","itemListElement":[{"@type":"ListItem","position":1,"name":"Home","item":"https:\/\/wakaistudios.com\/"},{"@type":"ListItem","position":2,"name":"Home"}]},{"@type":"WebSite","@id":"https:\/\/wakaistudios.com\/#website","url":"https:\/\/wakaistudios.com\/","name":"Wakai Studios","description":"Wakai Studios website","publisher":{"@id":"https:\/\/wakaistudios.com\/#organization"},"potentialAction":[{"@type":"SearchAction","target":{"@type":"EntryPoint","urlTemplate":"https:\/\/wakaistudios.com\/?s={search_term_string}"},"query-input":"required name=search_term_string"}],"inLanguage":"pt-PT"},{"@type":"Organization","@id":"https:\/\/wakaistudios.com\/#organization","name":"Wakai Studios","url":"https:\/\/wakaistudios.com\/","logo":{"@type":"ImageObject","inLanguage":"pt-PT","@id":"https:\/\/wakaistudios.com\/#\/schema\/logo\/image\/","url":"https:\/\/wakaistudios.com\/wp-content\/uploads\/2023\/01\/cropped-cropped-cropped-cropped-circulo-como-Objeto-Inteligente-1-e1673352162704.png","contentUrl":"https:\/\/wakaistudios.com\/wp-content\/uploads\/2023\/01\/cropped-cropped-cropped-cropped-circulo-como-Objeto-Inteligente-1-e1673352162704.png","width":1139,"height":1118,"caption":"Wakai Studios"},"image":{"@id":"https:\/\/wakaistudios.com\/#\/schema\/logo\/image\/"},"sameAs":["https:\/\/www.facebook.com\/WakaiStudios"]}]}},"_links":{"self":[{"href":"https:\/\/wakaistudios.com\/pt\/wp-json\/wp\/v2\/pages\/540"}],"collection":[{"href":"https:\/\/wakaistudios.com\/pt\/wp-json\/wp\/v2\/pages"}],"about":[{"href":"https:\/\/wakaistudios.com\/pt\/wp-json\/wp\/v2\/types\/page"}],"author":[{"embeddable":true,"href":"https:\/\/wakaistudios.com\/pt\/wp-json\/wp\/v2\/users\/1"}],"replies":[{"embeddable":true,"href":"https:\/\/wakaistudios.com\/pt\/wp-json\/wp\/v2\/comments?post=540"}],"version-history":[{"count":117,"href":"https:\/\/wakaistudios.com\/pt\/wp-json\/wp\/v2\/pages\/540\/revisions"}],"predecessor-version":[{"id":1343,"href":"https:\/\/wakaistudios.com\/pt\/wp-json\/wp\/v2\/pages\/540\/revisions\/1343"}],"wp:attachment":[{"href":"https:\/\/wakaistudios.com\/pt\/wp-json\/wp\/v2\/media?parent=540"}],"curies":[{"name":"wp","href":"https:\/\/api.w.org\/{rel}","templated":true}]}}